{"id":196,"date":"2026-05-13T22:18:29","date_gmt":"2026-05-13T22:18:29","guid":{"rendered":"https:\/\/kadvogados.com.br\/?page_id=196"},"modified":"2026-05-14T21:50:20","modified_gmt":"2026-05-14T21:50:20","slug":"felipe-locke-cavalcanti","status":"publish","type":"page","link":"https:\/\/kadvogados.com.br\/en\/felipe-locke-cavalcanti\/","title":{"rendered":"Felipe Locke Cavalcanti"},"content":{"rendered":"\t\t<div data-elementor-type=\"wp-post\" data-elementor-id=\"196\" class=\"elementor elementor-196 elementor-195\" data-elementor-post-type=\"page\">\n\t\t\t\t<div class=\"elementor-element elementor-element-35ee958 e-con-full e-flex e-con e-parent\" data-id=\"35ee958\" data-element_type=\"container\" data-e-type=\"container\">\n\t\t<div class=\"elementor-element elementor-element-606b59d e-flex e-con-boxed e-con e-child\" data-id=\"606b59d\" data-element_type=\"container\" data-e-type=\"container\" data-settings=\"{&quot;background_background&quot;:&quot;classic&quot;}\">\n\t\t\t\t\t<div class=\"e-con-inner\">\n\t\t<div class=\"elementor-element elementor-element-2530e84 e-con-full e-flex e-con e-child\" data-id=\"2530e84\" data-element_type=\"container\" data-e-type=\"container\">\n\t\t<div class=\"elementor-element elementor-element-92ab79c e-con-full e-flex e-con e-child\" data-id=\"92ab79c\" data-element_type=\"container\" data-e-type=\"container\">\n\t\t\t\t<div class=\"elementor-element elementor-element-56ba202 elementor-widget elementor-widget-image\" data-id=\"56ba202\" data-element_type=\"widget\" data-e-type=\"widget\" data-widget_type=\"image.default\">\n\t\t\t\t\t\t\t\t\t\t\t\t\t\t\t<img fetchpriority=\"high\" decoding=\"async\" width=\"500\" height=\"500\" src=\"https:\/\/kadvogados.com.br\/wp-content\/uploads\/2026\/05\/ka-advo-2.webp\" class=\"attachment-large size-large wp-image-176\" alt=\"\" srcset=\"https:\/\/kadvogados.com.br\/wp-content\/uploads\/2026\/05\/ka-advo-2.webp 500w, https:\/\/kadvogados.com.br\/wp-content\/uploads\/2026\/05\/ka-advo-2-300x300.webp 300w, https:\/\/kadvogados.com.br\/wp-content\/uploads\/2026\/05\/ka-advo-2-150x150.webp 150w\" sizes=\"(max-width: 500px) 100vw, 500px\" \/>\t\t\t\t\t\t\t\t\t\t\t\t\t\t\t<\/div>\n\t\t\t\t<\/div>\n\t\t\t\t<\/div>\n\t\t<div class=\"elementor-element elementor-element-22a2737 e-con-full e-flex e-con e-child\" data-id=\"22a2737\" data-element_type=\"container\" data-e-type=\"container\">\n\t\t\t\t<div class=\"elementor-element elementor-element-c1a8184 elementor-widget elementor-widget-heading\" data-id=\"c1a8184\" data-element_type=\"widget\" data-e-type=\"widget\" data-widget_type=\"heading.default\">\n\t\t\t\t\t<h3 class=\"elementor-heading-title elementor-size-default\">Felipe <b>Locke Cavalcanti<\/b><\/h3>\t\t\t\t<\/div>\n\t\t\t\t<div class=\"elementor-element elementor-element-4e68075 elementor-widget elementor-widget-text-editor\" data-id=\"4e68075\" data-element_type=\"widget\" data-e-type=\"widget\" data-widget_type=\"text-editor.default\">\n\t\t\t\t\t\t\t\t\t<p>Brazilian, Attorney<\/p>\n\t\t\t\t\t\t\t\t<\/div>\n\t\t\t\t<div class=\"elementor-element elementor-element-3565375 elementor-widget elementor-widget-text-editor\" data-id=\"3565375\" data-element_type=\"widget\" data-e-type=\"widget\" data-widget_type=\"text-editor.default\">\n\t\t\t\t\t\t\t\t\t<h5 class=\"x_MsoNormal\"><strong>Education<\/strong><\/h5>\n<p><strong>Undergraduate Degree:<br \/>\n<\/strong>Bachelor of Law from University of Sao Paulo Law School (USP);<\/p>\n<p><strong>Postgraduate Studies:<br \/>\n<\/strong>Bankruptcy and Corporate restructuring at Funda\u00e7\u00e3o Get\u00falio Vargas (FGV) School of Law.<br \/>General Procedure Theory at Universidade Paulista.<\/p>\n\t\t\t\t\t\t\t\t<\/div>\n\t\t\t\t<div class=\"elementor-element elementor-element-8d18f58 elementor-widget elementor-widget-text-editor\" data-id=\"8d18f58\" data-element_type=\"widget\" data-e-type=\"widget\" data-widget_type=\"text-editor.default\">\n\t\t\t\t\t\t\t\t\t<h5><strong>Public Representations and Career<\/strong><\/h5>\n<p>S\u00e3o Paulo Office of the Attorney General Career.<\/p>\n<p>In 2018 sat on the Special Panel of Justice Prosecutors, after being elected by the Attorney Generals of the State of Sao Paulo.<\/p>\n<p>After his retirement in June 2018, he joined Marcelo Knopfelmacher as co-chair in cases of great renown, both in criminal defense and in assistance to the prosecution.<\/p>\n<p>Currently engaged in revision and implementation of anticorruption agendas, most notedly in the creation of compliance programs, emphasizing integrity and regulatory conformity for large Brazilian and International corporations.<\/p>\n<p>Additionally, he is a partner and director at the international consulting company First Capital Solutions Ltd., based in London, United Kingdom.<\/p>\n\t\t\t\t\t\t\t\t<\/div>\n\t\t\t\t<div class=\"elementor-element elementor-element-c45dc33 elementor-widget elementor-widget-text-editor\" data-id=\"c45dc33\" data-element_type=\"widget\" data-e-type=\"widget\" data-widget_type=\"text-editor.default\">\n\t\t\t\t\t\t\t\t\t<div class=\"wpb_text_column wpb_content_element  vc_custom_1713273986429\">\n<h5 class=\"wpb_wrapper\"><strong>Awards<\/strong><\/h5>\n<div class=\"wpb_wrapper\">In 2001, received from the hands of the then president Fernando Henrique Cardoso, the \u201cNational Human Rights Award\u201d which was created on September 8th 1995, by presidential decree, in honor of his work as prosecutor in the \u201cCarandiru Massacre\u201d case.Medal of Merit from the Attorney General of the State of Rio de Janeiro, December 14th, 2007;Judicial Merit Order of the Regional Labor Tribunal of the 2nd District, Sao Paulo, September 10th, 2009;Military Judicial Merit Order of the Military Justice Counsel of the Justice Tribunal of the State of Rio Grande do Norte, November 13th, 2009;S\u00e3o Paulo Military Justice Medal of Merit by the Military Justice Tribunal of the State of Sao Paulo, December 3rd, 2009;Grand Collar of the Judicial Order of Merit by the 15th District Labor Tribunal, Campinas, December 17th 2009;Grand Collar of the Judical Order of Merit of the Federal District and Territories, by the Justice Tribunal of the Federal District, March 29th 2010;Honorary Citizen of Colniza, Mayor\u2019s Office of Colniza \u2013 MT, Abril 20th 2010;Honorary Citizen of Peixoto de Azevedo, by the Mayor\u2019s Office of Peixoto de Azevedo \u2013 MT, on July 12th, 2010;Honorary Citizen of the Town of Sapezal, by the Mayor\u2019s Office of Sapezal -MT, August 5th, 2010;Honorary Citizen of Nova Mutum, by the Mayor\u2019s Office of Nova Mutum- MT, August 6th, 2010;Honarary Citizen of Honorario de Lucas do Rio Verda, by the Mayr\u2019s Office of Lucas do Rio Verde \u2013 MT, August 23rd, 2010;Honorary Citizen of Alto Araguaia, by the Mayor\u2019s Office of Alto Araguaia \u2013 MT, on August 23rd 2010;Medal of Merit of the Attorney General, Prosecutor Francisco Jose Lins de Rego Santos, by the Attorney General of the State of Minas Gerais, on September 17th, 2010;Merit of the Labor Tribunal Medal Epitacio Pessoa, by the Regional Labor Tribunal of the 13th District, October 15th 2010;High Merit Distinguishment by the Military Justice Superior Court, November 17th, 2010;Order of S\u00e3o Jose Operario Commendation of the Labor Court, by the Regional Labor Tribunal of the 23rd District;Grand Cross of the Order of Merit of the Justice Tribunal of the State of Para on August 11th, 2011;Title of Ilustrious Visitor by the Mayor\u2019s Office of Marilia \u2013 SP on August 13th, 2012;Alferes Tiradentes Medal by the Tiradentes Institute on June 20th, 2013;Title of Emeritus Collaborator by the Public Safety and Combat of Organized Crime Commission, House of Representative, in 2013;Title of the Sovereign Commander Order of Justice Merit, by ABRAHM, Brazilian Academy of Honorary Merits, maintained by the CICESP, Cultural and Corporate Integration Center of Sao Paulo, on September 25th, 2014;Honorary Citizen of Santana, bestowed by the Mayor\u2019s Office of Sao Paulo, on August 13th, 2015;Dr. Antherso Montenegro Medeiros Commendation, by the Attorney General of Alagoas \u2013 AMPAL, on September 18th, 2015;Anchieta Medal and Gratitude Diploma of the City of Sao Paulo, by the City Council of Sao Paulo, September 14th, 2016Discipline and Justice Merit Medal, established by State Decree number 56.739 on February 7th, 2011 by the Militay Police of the State of Sao Paulo, December 13th, 2016.<\/div>\n<p><\/div>\n<p><\/p>\n<div class=\"vc_empty_space\"><\/div>\n\t\t\t\t\t\t\t\t<\/div>\n\t\t\t\t<\/div>\n\t\t\t\t\t<\/div>\n\t\t\t\t<\/div>\n\t\t\t\t<\/div>\n\t\t\t\t<\/div>\n\t\t","protected":false},"excerpt":{"rendered":"<p>Felipe Locke Cavalcanti Brazilian, Attorney Education Undergraduate Degree: Bachelor of Law from University of Sao Paulo Law School (USP); Postgraduate Studies: Bankruptcy and Corporate restructuring at Funda\u00e7\u00e3o Get\u00falio Vargas (FGV) School of Law.General Procedure Theory at Universidade Paulista. Public Representations and Career S\u00e3o Paulo Office of the Attorney General Career. In 2018 sat on the [&hellip;]<\/p>\n","protected":false},"author":1,"featured_media":0,"parent":0,"menu_order":0,"comment_status":"closed","ping_status":"closed","template":"","meta":{"footnotes":""},"class_list":["post-196","page","type-page","status-publish","hentry"],"yoast_head":"<!-- This site is optimized with the Yoast SEO plugin v27.6 - https:\/\/yoast.com\/product\/yoast-seo-wordpress\/ -->\n<title>Felipe Locke Cavalcanti - Knopfelmacher Locke Cavalcanti Advogados<\/title>\n<meta name=\"robots\" content=\"index, follow, max-snippet:-1, max-image-preview:large, max-video-preview:-1\" \/>\n<link rel=\"canonical\" href=\"https:\/\/kadvogados.com.br\/en\/felipe-locke-cavalcanti\/\" \/>\n<meta property=\"og:locale\" content=\"en_US\" \/>\n<meta property=\"og:type\" content=\"article\" \/>\n<meta property=\"og:title\" content=\"Felipe Locke Cavalcanti - Knopfelmacher Locke Cavalcanti Advogados\" \/>\n<meta property=\"og:description\" content=\"Felipe Locke Cavalcanti Brazilian, Attorney Education Undergraduate Degree: Bachelor of Law from University of Sao Paulo Law School (USP); Postgraduate Studies: Bankruptcy and Corporate restructuring at Funda\u00e7\u00e3o Get\u00falio Vargas (FGV) School of Law.General Procedure Theory at Universidade Paulista. Public Representations and Career S\u00e3o Paulo Office of the Attorney General Career. In 2018 sat on the [&hellip;]\" \/>\n<meta property=\"og:url\" content=\"https:\/\/kadvogados.com.br\/en\/felipe-locke-cavalcanti\/\" \/>\n<meta property=\"og:site_name\" content=\"Knopfelmacher Locke Cavalcanti Advogados\" \/>\n<meta property=\"article:modified_time\" content=\"2026-05-14T21:50:20+00:00\" \/>\n<meta property=\"og:image\" content=\"https:\/\/kadvogados.com.br\/wp-content\/uploads\/2026\/05\/ka-advo-2.webp\" \/>\n\t<meta property=\"og:image:width\" content=\"500\" \/>\n\t<meta property=\"og:image:height\" content=\"500\" \/>\n\t<meta property=\"og:image:type\" content=\"image\/webp\" \/>\n<meta name=\"twitter:card\" content=\"summary_large_image\" \/>\n<meta name=\"twitter:label1\" content=\"Est. reading time\" \/>\n\t<meta name=\"twitter:data1\" content=\"3 minutes\" \/>\n<script type=\"application\/ld+json\" class=\"yoast-schema-graph\">{\"@context\":\"https:\\\/\\\/schema.org\",\"@graph\":[{\"@type\":\"WebPage\",\"@id\":\"https:\\\/\\\/kadvogados.com.br\\\/en\\\/felipe-locke-cavalcanti\\\/\",\"url\":\"https:\\\/\\\/kadvogados.com.br\\\/en\\\/felipe-locke-cavalcanti\\\/\",\"name\":\"Felipe Locke Cavalcanti - Knopfelmacher Locke Cavalcanti Advogados\",\"isPartOf\":{\"@id\":\"https:\\\/\\\/kadvogados.com.br\\\/en\\\/#website\"},\"primaryImageOfPage\":{\"@id\":\"https:\\\/\\\/kadvogados.com.br\\\/en\\\/felipe-locke-cavalcanti\\\/#primaryimage\"},\"image\":{\"@id\":\"https:\\\/\\\/kadvogados.com.br\\\/en\\\/felipe-locke-cavalcanti\\\/#primaryimage\"},\"thumbnailUrl\":\"https:\\\/\\\/kadvogados.com.br\\\/wp-content\\\/uploads\\\/2026\\\/05\\\/ka-advo-2.webp\",\"datePublished\":\"2026-05-13T22:18:29+00:00\",\"dateModified\":\"2026-05-14T21:50:20+00:00\",\"breadcrumb\":{\"@id\":\"https:\\\/\\\/kadvogados.com.br\\\/en\\\/felipe-locke-cavalcanti\\\/#breadcrumb\"},\"inLanguage\":\"en-US\",\"potentialAction\":[{\"@type\":\"ReadAction\",\"target\":[\"https:\\\/\\\/kadvogados.com.br\\\/en\\\/felipe-locke-cavalcanti\\\/\"]}]},{\"@type\":\"ImageObject\",\"inLanguage\":\"en-US\",\"@id\":\"https:\\\/\\\/kadvogados.com.br\\\/en\\\/felipe-locke-cavalcanti\\\/#primaryimage\",\"url\":\"https:\\\/\\\/kadvogados.com.br\\\/wp-content\\\/uploads\\\/2026\\\/05\\\/ka-advo-2.webp\",\"contentUrl\":\"https:\\\/\\\/kadvogados.com.br\\\/wp-content\\\/uploads\\\/2026\\\/05\\\/ka-advo-2.webp\"},{\"@type\":\"BreadcrumbList\",\"@id\":\"https:\\\/\\\/kadvogados.com.br\\\/en\\\/felipe-locke-cavalcanti\\\/#breadcrumb\",\"itemListElement\":[{\"@type\":\"ListItem\",\"position\":1,\"name\":\"In\u00edcio\",\"item\":\"https:\\\/\\\/kadvogados.com.br\\\/en\\\/\"},{\"@type\":\"ListItem\",\"position\":2,\"name\":\"Felipe Locke Cavalcanti\"}]},{\"@type\":\"WebSite\",\"@id\":\"https:\\\/\\\/kadvogados.com.br\\\/en\\\/#website\",\"url\":\"https:\\\/\\\/kadvogados.com.br\\\/en\\\/\",\"name\":\"Knopfelmacher Locke Cavalcanti Advogados\",\"description\":\"Criminal e Tribut\u00e1rio\",\"publisher\":{\"@id\":\"https:\\\/\\\/kadvogados.com.br\\\/en\\\/#organization\"},\"potentialAction\":[{\"@type\":\"SearchAction\",\"target\":{\"@type\":\"EntryPoint\",\"urlTemplate\":\"https:\\\/\\\/kadvogados.com.br\\\/en\\\/?s={search_term_string}\"},\"query-input\":{\"@type\":\"PropertyValueSpecification\",\"valueRequired\":true,\"valueName\":\"search_term_string\"}}],\"inLanguage\":\"en-US\"},{\"@type\":\"Organization\",\"@id\":\"https:\\\/\\\/kadvogados.com.br\\\/en\\\/#organization\",\"name\":\"Knopfelmacher Locke Cavalcanti Advogados\",\"url\":\"https:\\\/\\\/kadvogados.com.br\\\/en\\\/\",\"logo\":{\"@type\":\"ImageObject\",\"inLanguage\":\"en-US\",\"@id\":\"https:\\\/\\\/kadvogados.com.br\\\/en\\\/#\\\/schema\\\/logo\\\/image\\\/\",\"url\":\"https:\\\/\\\/kadvogados.com.br\\\/wp-content\\\/uploads\\\/2026\\\/05\\\/kl-adv-logo-750px-preto.webp\",\"contentUrl\":\"https:\\\/\\\/kadvogados.com.br\\\/wp-content\\\/uploads\\\/2026\\\/05\\\/kl-adv-logo-750px-preto.webp\",\"width\":750,\"height\":166,\"caption\":\"Knopfelmacher Locke Cavalcanti Advogados\"},\"image\":{\"@id\":\"https:\\\/\\\/kadvogados.com.br\\\/en\\\/#\\\/schema\\\/logo\\\/image\\\/\"}}]}<\/script>\n<!-- \/ Yoast SEO plugin. -->","yoast_head_json":{"title":"Felipe Locke Cavalcanti - Knopfelmacher Locke Cavalcanti Advogados","robots":{"index":"index","follow":"follow","max-snippet":"max-snippet:-1","max-image-preview":"max-image-preview:large","max-video-preview":"max-video-preview:-1"},"canonical":"https:\/\/kadvogados.com.br\/en\/felipe-locke-cavalcanti\/","og_locale":"en_US","og_type":"article","og_title":"Felipe Locke Cavalcanti - Knopfelmacher Locke Cavalcanti Advogados","og_description":"Felipe Locke Cavalcanti Brazilian, Attorney Education Undergraduate Degree: Bachelor of Law from University of Sao Paulo Law School (USP); Postgraduate Studies: Bankruptcy and Corporate restructuring at Funda\u00e7\u00e3o Get\u00falio Vargas (FGV) School of Law.General Procedure Theory at Universidade Paulista. Public Representations and Career S\u00e3o Paulo Office of the Attorney General Career. In 2018 sat on the [&hellip;]","og_url":"https:\/\/kadvogados.com.br\/en\/felipe-locke-cavalcanti\/","og_site_name":"Knopfelmacher Locke Cavalcanti Advogados","article_modified_time":"2026-05-14T21:50:20+00:00","og_image":[{"width":500,"height":500,"url":"https:\/\/kadvogados.com.br\/wp-content\/uploads\/2026\/05\/ka-advo-2.webp","type":"image\/webp"}],"twitter_card":"summary_large_image","twitter_misc":{"Est. reading time":"3 minutes"},"schema":{"@context":"https:\/\/schema.org","@graph":[{"@type":"WebPage","@id":"https:\/\/kadvogados.com.br\/en\/felipe-locke-cavalcanti\/","url":"https:\/\/kadvogados.com.br\/en\/felipe-locke-cavalcanti\/","name":"Felipe Locke Cavalcanti - Knopfelmacher Locke Cavalcanti Advogados","isPartOf":{"@id":"https:\/\/kadvogados.com.br\/en\/#website"},"primaryImageOfPage":{"@id":"https:\/\/kadvogados.com.br\/en\/felipe-locke-cavalcanti\/#primaryimage"},"image":{"@id":"https:\/\/kadvogados.com.br\/en\/felipe-locke-cavalcanti\/#primaryimage"},"thumbnailUrl":"https:\/\/kadvogados.com.br\/wp-content\/uploads\/2026\/05\/ka-advo-2.webp","datePublished":"2026-05-13T22:18:29+00:00","dateModified":"2026-05-14T21:50:20+00:00","breadcrumb":{"@id":"https:\/\/kadvogados.com.br\/en\/felipe-locke-cavalcanti\/#breadcrumb"},"inLanguage":"en-US","potentialAction":[{"@type":"ReadAction","target":["https:\/\/kadvogados.com.br\/en\/felipe-locke-cavalcanti\/"]}]},{"@type":"ImageObject","inLanguage":"en-US","@id":"https:\/\/kadvogados.com.br\/en\/felipe-locke-cavalcanti\/#primaryimage","url":"https:\/\/kadvogados.com.br\/wp-content\/uploads\/2026\/05\/ka-advo-2.webp","contentUrl":"https:\/\/kadvogados.com.br\/wp-content\/uploads\/2026\/05\/ka-advo-2.webp"},{"@type":"BreadcrumbList","@id":"https:\/\/kadvogados.com.br\/en\/felipe-locke-cavalcanti\/#breadcrumb","itemListElement":[{"@type":"ListItem","position":1,"name":"In\u00edcio","item":"https:\/\/kadvogados.com.br\/en\/"},{"@type":"ListItem","position":2,"name":"Felipe Locke Cavalcanti"}]},{"@type":"WebSite","@id":"https:\/\/kadvogados.com.br\/en\/#website","url":"https:\/\/kadvogados.com.br\/en\/","name":"Knopfelmacher Locke Cavalcanti Advogados","description":"Criminal e Tribut\u00e1rio","publisher":{"@id":"https:\/\/kadvogados.com.br\/en\/#organization"},"potentialAction":[{"@type":"SearchAction","target":{"@type":"EntryPoint","urlTemplate":"https:\/\/kadvogados.com.br\/en\/?s={search_term_string}"},"query-input":{"@type":"PropertyValueSpecification","valueRequired":true,"valueName":"search_term_string"}}],"inLanguage":"en-US"},{"@type":"Organization","@id":"https:\/\/kadvogados.com.br\/en\/#organization","name":"Knopfelmacher Locke Cavalcanti Advogados","url":"https:\/\/kadvogados.com.br\/en\/","logo":{"@type":"ImageObject","inLanguage":"en-US","@id":"https:\/\/kadvogados.com.br\/en\/#\/schema\/logo\/image\/","url":"https:\/\/kadvogados.com.br\/wp-content\/uploads\/2026\/05\/kl-adv-logo-750px-preto.webp","contentUrl":"https:\/\/kadvogados.com.br\/wp-content\/uploads\/2026\/05\/kl-adv-logo-750px-preto.webp","width":750,"height":166,"caption":"Knopfelmacher Locke Cavalcanti Advogados"},"image":{"@id":"https:\/\/kadvogados.com.br\/en\/#\/schema\/logo\/image\/"}}]}},"_links":{"self":[{"href":"https:\/\/kadvogados.com.br\/en\/wp-json\/wp\/v2\/pages\/196","targetHints":{"allow":["GET"]}}],"collection":[{"href":"https:\/\/kadvogados.com.br\/en\/wp-json\/wp\/v2\/pages"}],"about":[{"href":"https:\/\/kadvogados.com.br\/en\/wp-json\/wp\/v2\/types\/page"}],"author":[{"embeddable":true,"href":"https:\/\/kadvogados.com.br\/en\/wp-json\/wp\/v2\/users\/1"}],"replies":[{"embeddable":true,"href":"https:\/\/kadvogados.com.br\/en\/wp-json\/wp\/v2\/comments?post=196"}],"version-history":[{"count":4,"href":"https:\/\/kadvogados.com.br\/en\/wp-json\/wp\/v2\/pages\/196\/revisions"}],"predecessor-version":[{"id":231,"href":"https:\/\/kadvogados.com.br\/en\/wp-json\/wp\/v2\/pages\/196\/revisions\/231"}],"wp:attachment":[{"href":"https:\/\/kadvogados.com.br\/en\/wp-json\/wp\/v2\/media?parent=196"}],"curies":[{"name":"wp","href":"https:\/\/api.w.org\/{rel}","templated":true}]}}